{"id":7882,"date":"2025-01-08T12:44:39","date_gmt":"2025-01-08T12:44:39","guid":{"rendered":"https:\/\/hantecpartners.wpenginepowered.com\/about-us\/"},"modified":"2025-03-06T09:37:37","modified_gmt":"2025-03-06T09:37:37","slug":"about","status":"publish","type":"page","link":"https:\/\/hpartners.com\/es\/about\/","title":{"rendered":"Qui\u00e9nes somos"},"content":{"rendered":"\t\t<div data-elementor-type=\"wp-page\" data-elementor-id=\"7882\" class=\"elementor elementor-7882 elementor-4348\" data-elementor-post-type=\"page\">\n\t\t\t\t<div class=\"elementor-element elementor-element-2147628 e-flex e-con-boxed e-con e-parent\" data-id=\"2147628\" data-element_type=\"container\" data-settings=\"{&quot;background_background&quot;:&quot;classic&quot;}\">\n\t\t\t\t\t<div class=\"e-con-inner\">\n\t\t<div class=\"elementor-element elementor-element-979c978 e-con-full e-flex e-con e-child\" data-id=\"979c978\" data-element_type=\"container\">\n\t\t\t\t<div class=\"elementor-element elementor-element-bd4bdcb elementor-widget elementor-widget-shortcode\" data-id=\"bd4bdcb\" data-element_type=\"widget\" data-widget_type=\"shortcode.default\">\n\t\t\t\t<div class=\"elementor-widget-container\">\n\t\t\t\t\t\t\t<div class=\"elementor-shortcode\"><nav aria-label=\"breadcrumbs\" class=\"rank-math-breadcrumb\"><p><span class=\"last\">Home<\/span><\/p><\/nav><\/div>\n\t\t\t\t\t\t<\/div>\n\t\t\t\t<\/div>\n\t\t\t\t<div class=\"elementor-element elementor-element-f1575fb elementor-widget elementor-widget-heading\" data-id=\"f1575fb\" data-element_type=\"widget\" data-widget_type=\"heading.default\">\n\t\t\t\t<div class=\"elementor-widget-container\">\n\t\t\t\t\t<h1 class=\"elementor-heading-title elementor-size-default\">Qui\u00e9nes somos<\/h1>\t\t\t\t<\/div>\n\t\t\t\t<\/div>\n\t\t\t\t<div class=\"elementor-element elementor-element-fc3ed16 elementor-widget elementor-widget-heading\" data-id=\"fc3ed16\" data-element_type=\"widget\" data-widget_type=\"heading.default\">\n\t\t\t\t<div class=\"elementor-widget-container\">\n\t\t\t\t\t<p class=\"elementor-heading-title elementor-size-default\">As\u00f3ciese a un Br\u00f3ker multiregulado respaldado por m\u00e1s de 30 a\u00f1os de experiencia como grupo.<\/p>\t\t\t\t<\/div>\n\t\t\t\t<\/div>\n\t\t\t\t<div class=\"elementor-element elementor-element-7471848 elementor-widget__width-initial elementor-mobile-align-justify elementor-align-justify elementor-mobile_extra-align-justify elementor-widget elementor-widget-button\" data-id=\"7471848\" data-element_type=\"widget\" data-widget_type=\"button.default\">\n\t\t\t\t<div class=\"elementor-widget-container\">\n\t\t\t\t\t\t\t\t\t<div class=\"elementor-button-wrapper\">\n\t\t\t\t\t<a class=\"elementor-button elementor-button-link elementor-size-sm\" href=\"https:\/\/hpartners.com\/es\/select-partner-type\/\">\n\t\t\t\t\t\t<span class=\"elementor-button-content-wrapper\">\n\t\t\t\t\t\t\t\t\t<span class=\"elementor-button-text\">Conviertase en socio<\/span>\n\t\t\t\t\t<\/span>\n\t\t\t\t\t<\/a>\n\t\t\t\t<\/div>\n\t\t\t\t\t\t\t\t<\/div>\n\t\t\t\t<\/div>\n\t\t\t\t<\/div>\n\t\t\t\t\t<\/div>\n\t\t\t\t<\/div>\n\t\t<div class=\"elementor-element elementor-element-c3f1051 e-flex e-con-boxed e-con e-parent\" data-id=\"c3f1051\" data-element_type=\"container\" data-settings=\"{&quot;background_background&quot;:&quot;classic&quot;}\">\n\t\t\t\t\t<div class=\"e-con-inner\">\n\t\t<div class=\"elementor-element elementor-element-867b93f e-con-full e-flex e-con e-child\" data-id=\"867b93f\" data-element_type=\"container\">\n\t\t\t\t<div class=\"elementor-element elementor-element-960ff5a elementor-widget elementor-widget-heading\" data-id=\"960ff5a\" data-element_type=\"widget\" data-widget_type=\"heading.default\">\n\t\t\t\t<div class=\"elementor-widget-container\">\n\t\t\t\t\t<h2 class=\"elementor-heading-title elementor-size-default\">As\u00f3ciese a un br\u00f3ker de confianza<\/h2>\t\t\t\t<\/div>\n\t\t\t\t<\/div>\n\t\t\t\t<div class=\"elementor-element elementor-element-494a86b elementor-widget elementor-widget-heading\" data-id=\"494a86b\" data-element_type=\"widget\" data-widget_type=\"heading.default\">\n\t\t\t\t<div class=\"elementor-widget-container\">\n\t\t\t\t\t<p class=\"elementor-heading-title elementor-size-default\">Descubra una experiencia de trading inigualable en la que puede operar con total confianza.<\/p>\t\t\t\t<\/div>\n\t\t\t\t<\/div>\n\t\t\t\t<\/div>\n\t\t<div class=\"elementor-element elementor-element-fdf48c4 e-con-full e-flex e-con e-child\" data-id=\"fdf48c4\" data-element_type=\"container\">\n\t\t<div class=\"elementor-element elementor-element-d9185cd e-con-full e-flex e-con e-child\" data-id=\"d9185cd\" data-element_type=\"container\" data-settings=\"{&quot;background_background&quot;:&quot;classic&quot;}\">\n\t\t\t\t<div class=\"elementor-element elementor-element-8dc7b92 elementor-widget elementor-widget-image\" data-id=\"8dc7b92\" data-element_type=\"widget\" id=\"partner-perks-img\" data-widget_type=\"image.default\">\n\t\t\t\t<div class=\"elementor-widget-container\">\n\t\t\t\t\t\t\t\t\t\t\t\t\t\t\t<img decoding=\"async\" width=\"103\" height=\"95\" src=\"https:\/\/hpartners.com\/wp-content\/uploads\/2024\/12\/winners-global-rewards-img.png\" class=\"attachment-full size-full wp-image-5097\" alt=\"\" \/>\t\t\t\t\t\t\t\t\t\t\t\t\t\t\t<\/div>\n\t\t\t\t<\/div>\n\t\t\t\t<div class=\"elementor-element elementor-element-88bda98 elementor-widget elementor-widget-heading\" data-id=\"88bda98\" data-element_type=\"widget\" data-widget_type=\"heading.default\">\n\t\t\t\t<div class=\"elementor-widget-container\">\n\t\t\t\t\t<span class=\"elementor-heading-title elementor-size-default\">Ganadores de m\u00faltiples premios a nivel internacional<\/span>\t\t\t\t<\/div>\n\t\t\t\t<\/div>\n\t\t\t\t<\/div>\n\t\t<div class=\"elementor-element elementor-element-ec9d6a4 e-con-full e-flex e-con e-child\" data-id=\"ec9d6a4\" data-element_type=\"container\">\n\t\t\t\t<div class=\"elementor-element elementor-element-c558787 elementor-widget elementor-widget-spacer\" data-id=\"c558787\" data-element_type=\"widget\" data-widget_type=\"spacer.default\">\n\t\t\t\t<div class=\"elementor-widget-container\">\n\t\t\t\t\t\t\t<div class=\"elementor-spacer\">\n\t\t\t<div class=\"elementor-spacer-inner\"><\/div>\n\t\t<\/div>\n\t\t\t\t\t\t<\/div>\n\t\t\t\t<\/div>\n\t\t\t\t<\/div>\n\t\t<div class=\"elementor-element elementor-element-9a7d8d6 e-con-full e-flex e-con e-child\" data-id=\"9a7d8d6\" data-element_type=\"container\" data-settings=\"{&quot;background_background&quot;:&quot;classic&quot;}\">\n\t\t\t\t<div class=\"elementor-element elementor-element-61af207 elementor-widget elementor-widget-html\" data-id=\"61af207\" data-element_type=\"widget\" data-widget_type=\"html.default\">\n\t\t\t\t<div class=\"elementor-widget-container\">\n\t\t\t\t\t<style>\r\n  .tp-widget-wrapper  {\r\n    margin: 0px !important;\r\n    \/* width: 131px; *\/\r\n    max-width: 100% !important;\r\n    display: flex;\r\n    justify-content: end !important;\r\n    }\r\n<\/style>\r\n <!-- TrustBox widget - Mini -->\r\n<div class=\"trustpilot-widget\" data-locale=\"en-GB\" data-template-id=\"53aa8807dec7e10d38f59f32\" data-businessunit-id=\"5f78343dacf3dd0001936c20\" data-style-height=\"150px\" data-style-width=\"100%\" data-theme=\"light\">\r\n  <a class=\"trustpilot-style\" href=\"https:\/\/uk.trustpilot.com\/review\/hmarkets.com\" target=\"_blank\" rel=\"noopener\">Trustpilot<\/a>\r\n<\/div>\r\n<!-- End TrustBox widget -->\r\n<!-- TrustBox script -->\r\n<script type=\"text\/javascript\" src=\"\/\/widget.trustpilot.com\/bootstrap\/v5\/tp.widget.bootstrap.min.js\" async><\/script>\r\n<!-- End TrustBox script -->\r\n\t\t\t\t<\/div>\n\t\t\t\t<\/div>\n\t\t\t\t<\/div>\n\t\t<div class=\"elementor-element elementor-element-53a319a e-con-full e-flex e-con e-child\" data-id=\"53a319a\" data-element_type=\"container\">\n\t\t\t\t<div class=\"elementor-element elementor-element-06eda49 elementor-widget elementor-widget-spacer\" data-id=\"06eda49\" data-element_type=\"widget\" data-widget_type=\"spacer.default\">\n\t\t\t\t<div class=\"elementor-widget-container\">\n\t\t\t\t\t\t\t<div class=\"elementor-spacer\">\n\t\t\t<div class=\"elementor-spacer-inner\"><\/div>\n\t\t<\/div>\n\t\t\t\t\t\t<\/div>\n\t\t\t\t<\/div>\n\t\t\t\t<\/div>\n\t\t<div class=\"elementor-element elementor-element-ad7749f e-con-full e-flex e-con e-child\" data-id=\"ad7749f\" data-element_type=\"container\" data-settings=\"{&quot;background_background&quot;:&quot;classic&quot;}\">\n\t\t\t\t<div class=\"elementor-element elementor-element-6d05c01 elementor-widget elementor-widget-image\" data-id=\"6d05c01\" data-element_type=\"widget\" id=\"partner-perks-img\" data-widget_type=\"image.default\">\n\t\t\t\t<div class=\"elementor-widget-container\">\n\t\t\t\t\t\t\t\t\t\t\t\t\t\t\t<img decoding=\"async\" width=\"169\" height=\"74\" src=\"https:\/\/hpartners.com\/wp-content\/uploads\/2024\/12\/200k.png\" class=\"attachment-full size-full wp-image-5100\" alt=\"\" \/>\t\t\t\t\t\t\t\t\t\t\t\t\t\t\t<\/div>\n\t\t\t\t<\/div>\n\t\t\t\t<div class=\"elementor-element elementor-element-c33d7ab elementor-widget elementor-widget-heading\" data-id=\"c33d7ab\" data-element_type=\"widget\" data-widget_type=\"heading.default\">\n\t\t\t\t<div class=\"elementor-widget-container\">\n\t\t\t\t\t<span class=\"elementor-heading-title elementor-size-default\">Con la confianza de traders en todo el mundo<\/span>\t\t\t\t<\/div>\n\t\t\t\t<\/div>\n\t\t\t\t<\/div>\n\t\t\t\t<\/div>\n\t\t\t\t\t<\/div>\n\t\t\t\t<\/div>\n\t\t<div class=\"elementor-element elementor-element-e268004 e-con-full e-flex e-con e-parent\" data-id=\"e268004\" data-element_type=\"container\" data-settings=\"{&quot;background_background&quot;:&quot;classic&quot;}\">\n\t\t<div class=\"elementor-element elementor-element-5eb7725 e-flex e-con-boxed e-con e-child\" data-id=\"5eb7725\" data-element_type=\"container\">\n\t\t\t\t\t<div class=\"e-con-inner\">\n\t\t\t\t<div class=\"elementor-element elementor-element-0ebd3f0 elementor-widget elementor-widget-heading\" data-id=\"0ebd3f0\" data-element_type=\"widget\" data-widget_type=\"heading.default\">\n\t\t\t\t<div class=\"elementor-widget-container\">\n\t\t\t\t\t<p class=\"elementor-heading-title elementor-size-default\">Las actividades de Hantec Markets Ltd. est\u00e1n sujetas a la supervisi\u00f3n de la Comisi\u00f3n de Servicios Financieros de Mauricio.<\/p>\t\t\t\t<\/div>\n\t\t\t\t<\/div>\n\t\t\t\t\t<\/div>\n\t\t\t\t<\/div>\n\t\t\t\t<\/div>\n\t\t<div class=\"elementor-element elementor-element-f028080 e-con-full e-flex e-con e-parent\" data-id=\"f028080\" data-element_type=\"container\" id=\"histry\">\n\t\t<div class=\"elementor-element elementor-element-a1b198c e-flex e-con-boxed e-con e-child\" data-id=\"a1b198c\" data-element_type=\"container\">\n\t\t\t\t\t<div class=\"e-con-inner\">\n\t\t\t\t<div class=\"elementor-element elementor-element-a0b4c19 elementor-widget elementor-widget-heading\" data-id=\"a0b4c19\" data-element_type=\"widget\" data-widget_type=\"heading.default\">\n\t\t\t\t<div class=\"elementor-widget-container\">\n\t\t\t\t\t<h2 class=\"elementor-heading-title elementor-size-default\">Nuestra historia<\/h2>\t\t\t\t<\/div>\n\t\t\t\t<\/div>\n\t\t\t\t<div class=\"elementor-element elementor-element-67df566 elementor-widget elementor-widget-heading\" data-id=\"67df566\" data-element_type=\"widget\" data-widget_type=\"heading.default\">\n\t\t\t\t<div class=\"elementor-widget-container\">\n\t\t\t\t\t<p class=\"elementor-heading-title elementor-size-default\">Hantec Markets es una filial del galardonado Grupo Hantec, un grupo empresarial internacional fundado en 1990. La marca Hantec est\u00e1 regulada a nivel internacional, incluyendo el Reino Unido, Australia, Jap\u00f3n, Hong Kong y Mauricio, con m\u00e1s de 30 a\u00f1os de experiencia como grupo. <br><br>La marca Hantec Markets naci\u00f3 oficialmente en 2009, con la apertura de nuestra primera oficina en Londres, Reino Unido. <br><br>El lanzamiento de la oficina de Londres marc\u00f3 el comienzo de un per\u00edodo de r\u00e1pido crecimiento, con la expansi\u00f3n de nuestra huella comercial a Am\u00e9rica Latina, \u00c1frica, el sur de Asia y el sudeste asi\u00e1tico, posicion\u00e1ndonos como uno de los brokers m\u00e1s confiables del mundo. En Hantec Markets, nuestro prop\u00f3sito es mejorar la vida de nuestros clientes creando y ofreciendo una experiencia de trading inigualable. Nuestros servicios, centrados en el cliente, se basan en herramientas eficaces, soporte inmediato y la m\u00e1xima seguridad de los fondos. <\/p>\t\t\t\t<\/div>\n\t\t\t\t<\/div>\n\t\t\t\t\t<\/div>\n\t\t\t\t<\/div>\n\t\t\t\t<\/div>\n\t\t\t\t<\/div>\n\t\t","protected":false},"excerpt":{"rendered":"<p>Qui\u00e9nes somos As\u00f3ciese a un Br\u00f3ker multiregulado respaldado por m\u00e1s de 30 a\u00f1os de experiencia como grupo. Conviertase en socio As\u00f3ciese a un br\u00f3ker de confianza Descubra una experiencia de trading inigualable en la que puede operar con total confianza. Ganadores de m\u00faltiples premios a nivel internacional Trustpilot Con la confianza de traders en todo [&hellip;]<\/p>\n","protected":false},"author":1,"featured_media":0,"parent":0,"menu_order":0,"comment_status":"closed","ping_status":"closed","template":"elementor_header_footer","meta":{"footnotes":""},"class_list":["post-7882","page","type-page","status-publish","hentry"],"_links":{"self":[{"href":"https:\/\/hpartners.com\/es\/wp-json\/wp\/v2\/pages\/7882","targetHints":{"allow":["GET"]}}],"collection":[{"href":"https:\/\/hpartners.com\/es\/wp-json\/wp\/v2\/pages"}],"about":[{"href":"https:\/\/hpartners.com\/es\/wp-json\/wp\/v2\/types\/page"}],"author":[{"embeddable":true,"href":"https:\/\/hpartners.com\/es\/wp-json\/wp\/v2\/users\/1"}],"replies":[{"embeddable":true,"href":"https:\/\/hpartners.com\/es\/wp-json\/wp\/v2\/comments?post=7882"}],"version-history":[{"count":0,"href":"https:\/\/hpartners.com\/es\/wp-json\/wp\/v2\/pages\/7882\/revisions"}],"wp:attachment":[{"href":"https:\/\/hpartners.com\/es\/wp-json\/wp\/v2\/media?parent=7882"}],"curies":[{"name":"wp","href":"https:\/\/api.w.org\/{rel}","templated":true}]}}