{"id":7899,"date":"2025-01-08T12:44:39","date_gmt":"2025-01-08T12:44:39","guid":{"rendered":"https:\/\/hantecpartners.wpenginepowered.com\/sobre\/"},"modified":"2025-03-10T11:00:00","modified_gmt":"2025-03-10T11:00:00","slug":"about","status":"publish","type":"page","link":"https:\/\/hpartners.com\/pt-pt\/about\/","title":{"rendered":"Sobre"},"content":{"rendered":"\t\t<div data-elementor-type=\"wp-page\" data-elementor-id=\"7899\" class=\"elementor elementor-7899 elementor-4348\" data-elementor-post-type=\"page\">\n\t\t\t\t<div class=\"elementor-element elementor-element-2147628 e-flex e-con-boxed e-con e-parent\" data-id=\"2147628\" data-element_type=\"container\" data-settings=\"{&quot;background_background&quot;:&quot;classic&quot;}\">\n\t\t\t\t\t<div class=\"e-con-inner\">\n\t\t<div class=\"elementor-element elementor-element-979c978 e-con-full e-flex e-con e-child\" data-id=\"979c978\" data-element_type=\"container\">\n\t\t\t\t<div class=\"elementor-element elementor-element-bd4bdcb elementor-widget elementor-widget-shortcode\" data-id=\"bd4bdcb\" data-element_type=\"widget\" data-widget_type=\"shortcode.default\">\n\t\t\t\t<div class=\"elementor-widget-container\">\n\t\t\t\t\t\t\t<div class=\"elementor-shortcode\"><nav aria-label=\"breadcrumbs\" class=\"rank-math-breadcrumb\"><p><span class=\"last\">Home<\/span><\/p><\/nav><\/div>\n\t\t\t\t\t\t<\/div>\n\t\t\t\t<\/div>\n\t\t\t\t<div class=\"elementor-element elementor-element-f1575fb elementor-widget elementor-widget-heading\" data-id=\"f1575fb\" data-element_type=\"widget\" data-widget_type=\"heading.default\">\n\t\t\t\t<div class=\"elementor-widget-container\">\n\t\t\t\t\t<h1 class=\"elementor-heading-title elementor-size-default\">Sobre n\u00f3s<\/h1>\t\t\t\t<\/div>\n\t\t\t\t<\/div>\n\t\t\t\t<div class=\"elementor-element elementor-element-fc3ed16 elementor-widget elementor-widget-heading\" data-id=\"fc3ed16\" data-element_type=\"widget\" data-widget_type=\"heading.default\">\n\t\t\t\t<div class=\"elementor-widget-container\">\n\t\t\t\t\t<p class=\"elementor-heading-title elementor-size-default\">Parceria com uma corretora multi-regulada apoiada por mais de 30 anos de experi\u00eancia do grupo.<\/p>\t\t\t\t<\/div>\n\t\t\t\t<\/div>\n\t\t\t\t<div class=\"elementor-element elementor-element-7471848 elementor-widget__width-initial elementor-mobile-align-justify elementor-align-justify elementor-mobile_extra-align-justify elementor-widget elementor-widget-button\" data-id=\"7471848\" data-element_type=\"widget\" data-widget_type=\"button.default\">\n\t\t\t\t<div class=\"elementor-widget-container\">\n\t\t\t\t\t\t\t\t\t<div class=\"elementor-button-wrapper\">\n\t\t\t\t\t<a class=\"elementor-button elementor-button-link elementor-size-sm\" href=\"https:\/\/hpartners.com\/pt-pt\/select-partner-type\/\">\n\t\t\t\t\t\t<span class=\"elementor-button-content-wrapper\">\n\t\t\t\t\t\t\t\t\t<span class=\"elementor-button-text\">Torne-se um parceiro<\/span>\n\t\t\t\t\t<\/span>\n\t\t\t\t\t<\/a>\n\t\t\t\t<\/div>\n\t\t\t\t\t\t\t\t<\/div>\n\t\t\t\t<\/div>\n\t\t\t\t<\/div>\n\t\t\t\t\t<\/div>\n\t\t\t\t<\/div>\n\t\t<div class=\"elementor-element elementor-element-c3f1051 e-flex e-con-boxed e-con e-parent\" data-id=\"c3f1051\" data-element_type=\"container\" data-settings=\"{&quot;background_background&quot;:&quot;classic&quot;}\">\n\t\t\t\t\t<div class=\"e-con-inner\">\n\t\t<div class=\"elementor-element elementor-element-867b93f e-con-full e-flex e-con e-child\" data-id=\"867b93f\" data-element_type=\"container\">\n\t\t\t\t<div class=\"elementor-element elementor-element-960ff5a elementor-widget elementor-widget-heading\" data-id=\"960ff5a\" data-element_type=\"widget\" data-widget_type=\"heading.default\">\n\t\t\t\t<div class=\"elementor-widget-container\">\n\t\t\t\t\t<h2 class=\"elementor-heading-title elementor-size-default\">Parceria com uma corretora confi\u00e1vel<\/h2>\t\t\t\t<\/div>\n\t\t\t\t<\/div>\n\t\t\t\t<div class=\"elementor-element elementor-element-494a86b elementor-widget elementor-widget-heading\" data-id=\"494a86b\" data-element_type=\"widget\" data-widget_type=\"heading.default\">\n\t\t\t\t<div class=\"elementor-widget-container\">\n\t\t\t\t\t<p class=\"elementor-heading-title elementor-size-default\">Descubra uma experi\u00eancia de trading incompar\u00e1vel onde voc\u00ea pode operar com confian\u00e7a.<\/p>\t\t\t\t<\/div>\n\t\t\t\t<\/div>\n\t\t\t\t<\/div>\n\t\t<div class=\"elementor-element elementor-element-fdf48c4 e-con-full e-flex e-con e-child\" data-id=\"fdf48c4\" data-element_type=\"container\">\n\t\t<div class=\"elementor-element elementor-element-d9185cd e-con-full e-flex e-con e-child\" data-id=\"d9185cd\" data-element_type=\"container\" data-settings=\"{&quot;background_background&quot;:&quot;classic&quot;}\">\n\t\t\t\t<div class=\"elementor-element elementor-element-8dc7b92 elementor-widget elementor-widget-image\" data-id=\"8dc7b92\" data-element_type=\"widget\" id=\"partner-perks-img\" data-widget_type=\"image.default\">\n\t\t\t\t<div class=\"elementor-widget-container\">\n\t\t\t\t\t\t\t\t\t\t\t\t\t\t\t<img decoding=\"async\" width=\"103\" height=\"95\" src=\"https:\/\/hpartners.com\/wp-content\/uploads\/2024\/12\/winners-global-rewards-img.png\" class=\"attachment-full size-full wp-image-5096\" alt=\"\" \/>\t\t\t\t\t\t\t\t\t\t\t\t\t\t\t<\/div>\n\t\t\t\t<\/div>\n\t\t\t\t<div class=\"elementor-element elementor-element-88bda98 elementor-widget elementor-widget-heading\" data-id=\"88bda98\" data-element_type=\"widget\" data-widget_type=\"heading.default\">\n\t\t\t\t<div class=\"elementor-widget-container\">\n\t\t\t\t\t<span class=\"elementor-heading-title elementor-size-default\">Vencedora de m\u00faltiplos pr\u00eamios globais.<\/span>\t\t\t\t<\/div>\n\t\t\t\t<\/div>\n\t\t\t\t<\/div>\n\t\t<div class=\"elementor-element elementor-element-ec9d6a4 e-con-full e-flex e-con e-child\" data-id=\"ec9d6a4\" data-element_type=\"container\">\n\t\t\t\t<div class=\"elementor-element elementor-element-c558787 elementor-widget elementor-widget-spacer\" data-id=\"c558787\" data-element_type=\"widget\" data-widget_type=\"spacer.default\">\n\t\t\t\t<div class=\"elementor-widget-container\">\n\t\t\t\t\t\t\t<div class=\"elementor-spacer\">\n\t\t\t<div class=\"elementor-spacer-inner\"><\/div>\n\t\t<\/div>\n\t\t\t\t\t\t<\/div>\n\t\t\t\t<\/div>\n\t\t\t\t<\/div>\n\t\t<div class=\"elementor-element elementor-element-9a7d8d6 e-con-full e-flex e-con e-child\" data-id=\"9a7d8d6\" data-element_type=\"container\" data-settings=\"{&quot;background_background&quot;:&quot;classic&quot;}\">\n\t\t\t\t<div class=\"elementor-element elementor-element-61af207 elementor-widget elementor-widget-html\" data-id=\"61af207\" data-element_type=\"widget\" data-widget_type=\"html.default\">\n\t\t\t\t<div class=\"elementor-widget-container\">\n\t\t\t\t\t<style>\r\n  .tp-widget-wrapper  {\r\n    margin: 0px !important;\r\n    \/* width: 131px; *\/\r\n    max-width: 100% !important;\r\n    display: flex;\r\n    justify-content: end !important;\r\n    }\r\n<\/style>\r\n <!-- TrustBox widget - Mini -->\r\n<div class=\"trustpilot-widget\" data-locale=\"en-GB\" data-template-id=\"53aa8807dec7e10d38f59f32\" data-businessunit-id=\"5f78343dacf3dd0001936c20\" data-style-height=\"150px\" data-style-width=\"100%\" data-theme=\"light\">\r\n  <a class=\"trustpilot-style\" href=\"https:\/\/uk.trustpilot.com\/review\/hmarkets.com\" target=\"_blank\" rel=\"noopener\">Trustpilot<\/a>\r\n<\/div>\r\n<!-- End TrustBox widget -->\r\n<!-- TrustBox script -->\r\n<script type=\"text\/javascript\" src=\"\/\/widget.trustpilot.com\/bootstrap\/v5\/tp.widget.bootstrap.min.js\" async><\/script>\r\n<!-- End TrustBox script -->\r\n\t\t\t\t<\/div>\n\t\t\t\t<\/div>\n\t\t\t\t<\/div>\n\t\t<div class=\"elementor-element elementor-element-53a319a e-con-full e-flex e-con e-child\" data-id=\"53a319a\" data-element_type=\"container\">\n\t\t\t\t<div class=\"elementor-element elementor-element-06eda49 elementor-widget elementor-widget-spacer\" data-id=\"06eda49\" data-element_type=\"widget\" data-widget_type=\"spacer.default\">\n\t\t\t\t<div class=\"elementor-widget-container\">\n\t\t\t\t\t\t\t<div class=\"elementor-spacer\">\n\t\t\t<div class=\"elementor-spacer-inner\"><\/div>\n\t\t<\/div>\n\t\t\t\t\t\t<\/div>\n\t\t\t\t<\/div>\n\t\t\t\t<\/div>\n\t\t<div class=\"elementor-element elementor-element-ad7749f e-con-full e-flex e-con e-child\" data-id=\"ad7749f\" data-element_type=\"container\" data-settings=\"{&quot;background_background&quot;:&quot;classic&quot;}\">\n\t\t\t\t<div class=\"elementor-element elementor-element-6d05c01 elementor-widget elementor-widget-image\" data-id=\"6d05c01\" data-element_type=\"widget\" id=\"partner-perks-img\" data-widget_type=\"image.default\">\n\t\t\t\t<div class=\"elementor-widget-container\">\n\t\t\t\t\t\t\t\t\t\t\t\t\t\t\t<img decoding=\"async\" width=\"169\" height=\"74\" src=\"https:\/\/hpartners.com\/wp-content\/uploads\/2024\/12\/200k.png\" class=\"attachment-full size-full wp-image-5099\" alt=\"\" \/>\t\t\t\t\t\t\t\t\t\t\t\t\t\t\t<\/div>\n\t\t\t\t<\/div>\n\t\t\t\t<div class=\"elementor-element elementor-element-c33d7ab elementor-widget elementor-widget-heading\" data-id=\"c33d7ab\" data-element_type=\"widget\" data-widget_type=\"heading.default\">\n\t\t\t\t<div class=\"elementor-widget-container\">\n\t\t\t\t\t<span class=\"elementor-heading-title elementor-size-default\">Reconhecida por traders de todo o mundo<\/span>\t\t\t\t<\/div>\n\t\t\t\t<\/div>\n\t\t\t\t<\/div>\n\t\t\t\t<\/div>\n\t\t\t\t\t<\/div>\n\t\t\t\t<\/div>\n\t\t<div class=\"elementor-element elementor-element-e268004 e-con-full e-flex e-con e-parent\" data-id=\"e268004\" data-element_type=\"container\" data-settings=\"{&quot;background_background&quot;:&quot;classic&quot;}\">\n\t\t<div class=\"elementor-element elementor-element-5eb7725 e-flex e-con-boxed e-con e-child\" data-id=\"5eb7725\" data-element_type=\"container\">\n\t\t\t\t\t<div class=\"e-con-inner\">\n\t\t\t\t<div class=\"elementor-element elementor-element-0ebd3f0 elementor-widget elementor-widget-heading\" data-id=\"0ebd3f0\" data-element_type=\"widget\" data-widget_type=\"heading.default\">\n\t\t\t\t<div class=\"elementor-widget-container\">\n\t\t\t\t\t<p class=\"elementor-heading-title elementor-size-default\">As atividades da Hantec Markets Ltd. est\u00e3o sujeitas \u00e0 supervis\u00e3o da Comiss\u00e3o de Servi\u00e7os Financeiros de Mauritius.<\/p>\t\t\t\t<\/div>\n\t\t\t\t<\/div>\n\t\t\t\t\t<\/div>\n\t\t\t\t<\/div>\n\t\t\t\t<\/div>\n\t\t<div class=\"elementor-element elementor-element-f028080 e-con-full e-flex e-con e-parent\" data-id=\"f028080\" data-element_type=\"container\" id=\"histry\">\n\t\t<div class=\"elementor-element elementor-element-a1b198c e-flex e-con-boxed e-con e-child\" data-id=\"a1b198c\" data-element_type=\"container\">\n\t\t\t\t\t<div class=\"e-con-inner\">\n\t\t\t\t<div class=\"elementor-element elementor-element-a0b4c19 elementor-widget elementor-widget-heading\" data-id=\"a0b4c19\" data-element_type=\"widget\" data-widget_type=\"heading.default\">\n\t\t\t\t<div class=\"elementor-widget-container\">\n\t\t\t\t\t<h2 class=\"elementor-heading-title elementor-size-default\">Nossa Hist\u00f3ria<\/h2>\t\t\t\t<\/div>\n\t\t\t\t<\/div>\n\t\t\t\t<div class=\"elementor-element elementor-element-67df566 elementor-widget elementor-widget-heading\" data-id=\"67df566\" data-element_type=\"widget\" data-widget_type=\"heading.default\">\n\t\t\t\t<div class=\"elementor-widget-container\">\n\t\t\t\t\t<p class=\"elementor-heading-title elementor-size-default\">A Hantec Markets \u00e9 uma subsidi\u00e1ria do premiado Hantec Group, um grupo empresarial multinacional fundado em 1990. A marca Hantec \u00e9 regulada em todo o mundo, incluindo Reino Unido, Austr\u00e1lia, Jap\u00e3o, Hong Kong e Mauritius, com mais de 30 anos de experi\u00eancia do grupo. <br><br>A Hantec Markets foi oficialmente lan\u00e7ada em 2009, com a abertura de seu primeiro escrit\u00f3rio em Londres, Reino Unido. Esse marco deu in\u00edcio a um per\u00edodo de crescimento acelerado, expandindo nossa presen\u00e7a comercial para a Am\u00e9rica Latina, \u00c1frica, Sul da \u00c1sia e Sudeste Asi\u00e1tico, consolidando-nos como uma das corretoras mais confi\u00e1veis do mundo. <br><br>O lan\u00e7amento do escrit\u00f3rio de Londres sinalizou o in\u00edcio de um per\u00edodo de crescimento r\u00e1pido, com nossa presen\u00e7a comercial se expandindo para a Am\u00e9rica Latina, \u00c1frica, Sul da \u00c1sia e Sudeste Asi\u00e1tico, posicionando-nos como uma das corretores mais confi\u00e1veis do mundo. Na Hantec Markets, nosso prop\u00f3sito \u00e9 melhorar a vida de nossos clientes, criando e oferecendo uma experi\u00eancia de trading incompar\u00e1vel. Nossos servi\u00e7os centrados no cliente s\u00e3o constru\u00eddos sobre os pilares de ferramentas confi\u00e1veis, suporte responsivo e m\u00e1xima seguran\u00e7a de fundos. <\/p>\t\t\t\t<\/div>\n\t\t\t\t<\/div>\n\t\t\t\t\t<\/div>\n\t\t\t\t<\/div>\n\t\t\t\t<\/div>\n\t\t\t\t<\/div>\n\t\t","protected":false},"excerpt":{"rendered":"<p>Sobre n\u00f3s Parceria com uma corretora multi-regulada apoiada por mais de 30 anos de experi\u00eancia do grupo. Torne-se um parceiro Parceria com uma corretora confi\u00e1vel Descubra uma experi\u00eancia de trading incompar\u00e1vel onde voc\u00ea pode operar com confian\u00e7a. Vencedora de m\u00faltiplos pr\u00eamios globais. Trustpilot Reconhecida por traders de todo o mundo As atividades da Hantec Markets [&hellip;]<\/p>\n","protected":false},"author":1,"featured_media":0,"parent":0,"menu_order":0,"comment_status":"closed","ping_status":"closed","template":"elementor_header_footer","meta":{"footnotes":""},"class_list":["post-7899","page","type-page","status-publish","hentry"],"_links":{"self":[{"href":"https:\/\/hpartners.com\/pt-pt\/wp-json\/wp\/v2\/pages\/7899","targetHints":{"allow":["GET"]}}],"collection":[{"href":"https:\/\/hpartners.com\/pt-pt\/wp-json\/wp\/v2\/pages"}],"about":[{"href":"https:\/\/hpartners.com\/pt-pt\/wp-json\/wp\/v2\/types\/page"}],"author":[{"embeddable":true,"href":"https:\/\/hpartners.com\/pt-pt\/wp-json\/wp\/v2\/users\/1"}],"replies":[{"embeddable":true,"href":"https:\/\/hpartners.com\/pt-pt\/wp-json\/wp\/v2\/comments?post=7899"}],"version-history":[{"count":0,"href":"https:\/\/hpartners.com\/pt-pt\/wp-json\/wp\/v2\/pages\/7899\/revisions"}],"wp:attachment":[{"href":"https:\/\/hpartners.com\/pt-pt\/wp-json\/wp\/v2\/media?parent=7899"}],"curies":[{"name":"wp","href":"https:\/\/api.w.org\/{rel}","templated":true}]}}