{"id":8251,"date":"2025-01-24T05:02:12","date_gmt":"2025-01-24T05:02:12","guid":{"rendered":"https:\/\/hantecpartners.wpenginepowered.com\/seleccionar-tipo-de-socio\/"},"modified":"2025-03-10T10:45:45","modified_gmt":"2025-03-10T10:45:45","slug":"select-partner-type","status":"publish","type":"page","link":"https:\/\/hpartners.com\/pt-pt\/select-partner-type\/","title":{"rendered":"Seleccionar tipo de socio"},"content":{"rendered":"\t\t<div data-elementor-type=\"wp-page\" data-elementor-id=\"8251\" class=\"elementor elementor-8251 elementor-8236\" data-elementor-post-type=\"page\">\n\t\t\t\t<div class=\"elementor-element elementor-element-5fc6f74 e-con-full e-flex e-con e-parent\" data-id=\"5fc6f74\" data-element_type=\"container\" data-settings=\"{&quot;background_background&quot;:&quot;classic&quot;}\">\n\t\t<div class=\"elementor-element elementor-element-a95a9b8 e-flex e-con-boxed e-con e-child\" data-id=\"a95a9b8\" data-element_type=\"container\">\n\t\t\t\t\t<div class=\"e-con-inner\">\n\t\t\t\t<div class=\"elementor-element elementor-element-4ff5857 text-style elementor-widget elementor-widget-heading\" data-id=\"4ff5857\" data-element_type=\"widget\" data-widget_type=\"heading.default\">\n\t\t\t\t<div class=\"elementor-widget-container\">\n\t\t\t\t\t<h2 class=\"elementor-heading-title elementor-size-default\">Seleccionar tipo de socio<\/h2>\t\t\t\t<\/div>\n\t\t\t\t<\/div>\n\t\t\t\t<div class=\"elementor-element elementor-element-4bd8955 elementor-widget elementor-widget-heading\" data-id=\"4bd8955\" data-element_type=\"widget\" data-widget_type=\"heading.default\">\n\t\t\t\t<div class=\"elementor-widget-container\">\n\t\t\t\t\t<p class=\"elementor-heading-title elementor-size-default\">Elija entre nuestra gama de opciones de asociaci\u00f3n, para cada tipo de socio.<\/p>\t\t\t\t<\/div>\n\t\t\t\t<\/div>\n\t\t\t\t\t<\/div>\n\t\t\t\t<\/div>\n\t\t<div class=\"elementor-element elementor-element-d7e9e1a e-con-full e-flex e-con e-child\" data-id=\"d7e9e1a\" data-element_type=\"container\">\n\t\t<div class=\"elementor-element elementor-element-5a8eb98 e-con-full e-flex e-con e-child\" data-id=\"5a8eb98\" data-element_type=\"container\" data-settings=\"{&quot;background_background&quot;:&quot;classic&quot;}\">\n\t\t\t\t<div class=\"elementor-element elementor-element-c246da9 elementor-widget-tablet_extra__width-initial elementor-widget elementor-widget-heading\" data-id=\"c246da9\" data-element_type=\"widget\" data-widget_type=\"heading.default\">\n\t\t\t\t<div class=\"elementor-widget-container\">\n\t\t\t\t\t<span class=\"elementor-heading-title elementor-size-default\">Introducing Broker (IB)<\/span>\t\t\t\t<\/div>\n\t\t\t\t<\/div>\n\t\t\t\t<div class=\"elementor-element elementor-element-c3d1e2b elementor-widget-tablet_extra__width-initial elementor-widget elementor-widget-heading\" data-id=\"c3d1e2b\" data-element_type=\"widget\" data-widget_type=\"heading.default\">\n\t\t\t\t<div class=\"elementor-widget-container\">\n\t\t\t\t\t<h2 class=\"elementor-heading-title elementor-size-default\">At\u00e9 <span class=\"text-style\">70%<\/span> de rebates por lote negociado<\/h2>\t\t\t\t<\/div>\n\t\t\t\t<\/div>\n\t\t\t\t<div class=\"elementor-element elementor-element-d07039a elementor-widget-tablet_extra__width-initial elementor-widget elementor-widget-heading\" data-id=\"d07039a\" data-element_type=\"widget\" data-widget_type=\"heading.default\">\n\t\t\t\t<div class=\"elementor-widget-container\">\n\t\t\t\t\t<p class=\"elementor-heading-title elementor-size-default\">Ganhe at\u00e9 70% de rebates, com pagamentos personalizados e automatizados, insights em tempo real e um gerente de conta dedicado apoiando seu sucesso.<\/p>\t\t\t\t<\/div>\n\t\t\t\t<\/div>\n\t\t<div class=\"elementor-element elementor-element-90ab250 e-con-full e-flex e-con e-child\" data-id=\"90ab250\" data-element_type=\"container\">\n\t\t<div class=\"elementor-element elementor-element-a88215d e-con-full e-flex e-con e-child\" data-id=\"a88215d\" data-element_type=\"container\">\n\t\t\t\t<div class=\"elementor-element elementor-element-76e30a9 elementor-align-justify elementor-mobile-align-justify elementor-tablet-align-justify elementor-tablet_extra-align-justify elementor-mobile_extra-align-justify elementor-widget elementor-widget-button\" data-id=\"76e30a9\" data-element_type=\"widget\" data-widget_type=\"button.default\">\n\t\t\t\t<div class=\"elementor-widget-container\">\n\t\t\t\t\t\t\t\t\t<div class=\"elementor-button-wrapper\">\n\t\t\t\t\t<a class=\"elementor-button elementor-button-link elementor-size-sm\" href=\"https:\/\/hpartners.com\/pt-pt\/sign-up\/?program=IB\">\n\t\t\t\t\t\t<span class=\"elementor-button-content-wrapper\">\n\t\t\t\t\t\t\t\t\t<span class=\"elementor-button-text\">Convi\u00e9rtase en un Introducer<\/span>\n\t\t\t\t\t<\/span>\n\t\t\t\t\t<\/a>\n\t\t\t\t<\/div>\n\t\t\t\t\t\t\t\t<\/div>\n\t\t\t\t<\/div>\n\t\t\t\t<\/div>\n\t\t<div class=\"elementor-element elementor-element-e7dac67 e-con-full e-flex e-con e-child\" data-id=\"e7dac67\" data-element_type=\"container\">\n\t\t\t\t<div class=\"elementor-element elementor-element-9a79de1 elementor-widget elementor-widget-spacer\" data-id=\"9a79de1\" data-element_type=\"widget\" data-widget_type=\"spacer.default\">\n\t\t\t\t<div class=\"elementor-widget-container\">\n\t\t\t\t\t\t\t<div class=\"elementor-spacer\">\n\t\t\t<div class=\"elementor-spacer-inner\"><\/div>\n\t\t<\/div>\n\t\t\t\t\t\t<\/div>\n\t\t\t\t<\/div>\n\t\t\t\t<\/div>\n\t\t<div class=\"elementor-element elementor-element-ade9d5a e-con-full e-flex e-con e-child\" data-id=\"ade9d5a\" data-element_type=\"container\">\n\t\t\t\t<div class=\"elementor-element elementor-element-5c5756d elementor-mobile-align-justify elementor-tablet_extra-align-justify elementor-align-justify elementor-widget elementor-widget-button\" data-id=\"5c5756d\" data-element_type=\"widget\" data-widget_type=\"button.default\">\n\t\t\t\t<div class=\"elementor-widget-container\">\n\t\t\t\t\t\t\t\t\t<div class=\"elementor-button-wrapper\">\n\t\t\t\t\t<a class=\"elementor-button elementor-button-link elementor-size-sm\" href=\"https:\/\/hpartners.com\/pt-pt\/partner-plans\/become-an-introducer-ib\/\">\n\t\t\t\t\t\t<span class=\"elementor-button-content-wrapper\">\n\t\t\t\t\t\t\t\t\t<span class=\"elementor-button-text\">Saber m\u00e1s<\/span>\n\t\t\t\t\t<\/span>\n\t\t\t\t\t<\/a>\n\t\t\t\t<\/div>\n\t\t\t\t\t\t\t\t<\/div>\n\t\t\t\t<\/div>\n\t\t\t\t<\/div>\n\t\t\t\t<\/div>\n\t\t\t\t<\/div>\n\t\t<div class=\"elementor-element elementor-element-7550cb0 e-con-full e-flex e-con e-child\" data-id=\"7550cb0\" data-element_type=\"container\">\n\t\t\t\t<div class=\"elementor-element elementor-element-3b97f62 elementor-widget elementor-widget-spacer\" data-id=\"3b97f62\" data-element_type=\"widget\" data-widget_type=\"spacer.default\">\n\t\t\t\t<div class=\"elementor-widget-container\">\n\t\t\t\t\t\t\t<div class=\"elementor-spacer\">\n\t\t\t<div class=\"elementor-spacer-inner\"><\/div>\n\t\t<\/div>\n\t\t\t\t\t\t<\/div>\n\t\t\t\t<\/div>\n\t\t\t\t<\/div>\n\t\t<div class=\"elementor-element elementor-element-d771bb3 e-con-full e-flex e-con e-child\" data-id=\"d771bb3\" data-element_type=\"container\" data-settings=\"{&quot;background_background&quot;:&quot;classic&quot;}\">\n\t\t\t\t<div class=\"elementor-element elementor-element-a7f7898 elementor-widget-tablet_extra__width-initial elementor-widget elementor-widget-heading\" data-id=\"a7f7898\" data-element_type=\"widget\" data-widget_type=\"heading.default\">\n\t\t\t\t<div class=\"elementor-widget-container\">\n\t\t\t\t\t<span class=\"elementor-heading-title elementor-size-default\">Afiliado<\/span>\t\t\t\t<\/div>\n\t\t\t\t<\/div>\n\t\t\t\t<div class=\"elementor-element elementor-element-f6f72ed elementor-widget-tablet_extra__width-initial elementor-widget elementor-widget-heading\" data-id=\"f6f72ed\" data-element_type=\"widget\" data-widget_type=\"heading.default\">\n\t\t\t\t<div class=\"elementor-widget-container\">\n\t\t\t\t\t<h2 class=\"elementor-heading-title elementor-size-default\">Hasta <span class=\"text-style\">$1.000<\/span> por cada referido<\/h2>\t\t\t\t<\/div>\n\t\t\t\t<\/div>\n\t\t\t\t<div class=\"elementor-element elementor-element-efdbf37 elementor-widget-tablet_extra__width-initial elementor-widget elementor-widget-heading\" data-id=\"efdbf37\" data-element_type=\"widget\" data-widget_type=\"heading.default\">\n\t\t\t\t<div class=\"elementor-widget-container\">\n\t\t\t\t\t<p class=\"elementor-heading-title elementor-size-default\">Gane CPAs de hasta $1,000 por referido, rastree su desempe\u00f1o con transparencia y reciba el apoyo que necesita para crecer.<\/p>\t\t\t\t<\/div>\n\t\t\t\t<\/div>\n\t\t<div class=\"elementor-element elementor-element-5f90248 e-con-full e-flex e-con e-child\" data-id=\"5f90248\" data-element_type=\"container\">\n\t\t<div class=\"elementor-element elementor-element-c866f2f e-con-full e-flex e-con e-child\" data-id=\"c866f2f\" data-element_type=\"container\">\n\t\t\t\t<div class=\"elementor-element elementor-element-b377264 elementor-align-justify elementor-mobile-align-justify elementor-tablet-align-justify elementor-tablet_extra-align-justify elementor-mobile_extra-align-justify elementor-widget elementor-widget-button\" data-id=\"b377264\" data-element_type=\"widget\" data-widget_type=\"button.default\">\n\t\t\t\t<div class=\"elementor-widget-container\">\n\t\t\t\t\t\t\t\t\t<div class=\"elementor-button-wrapper\">\n\t\t\t\t\t<a class=\"elementor-button elementor-button-link elementor-size-sm\" href=\"https:\/\/hpartners.com\/pt-pt\/sign-up\/?program=Affiliate\">\n\t\t\t\t\t\t<span class=\"elementor-button-content-wrapper\">\n\t\t\t\t\t\t\t\t\t<span class=\"elementor-button-text\">Convi\u00e9rtase en un Afiliado<\/span>\n\t\t\t\t\t<\/span>\n\t\t\t\t\t<\/a>\n\t\t\t\t<\/div>\n\t\t\t\t\t\t\t\t<\/div>\n\t\t\t\t<\/div>\n\t\t\t\t<\/div>\n\t\t<div class=\"elementor-element elementor-element-58c04c4 e-con-full e-flex e-con e-child\" data-id=\"58c04c4\" data-element_type=\"container\">\n\t\t\t\t<div class=\"elementor-element elementor-element-fe69782 elementor-widget elementor-widget-spacer\" data-id=\"fe69782\" data-element_type=\"widget\" data-widget_type=\"spacer.default\">\n\t\t\t\t<div class=\"elementor-widget-container\">\n\t\t\t\t\t\t\t<div class=\"elementor-spacer\">\n\t\t\t<div class=\"elementor-spacer-inner\"><\/div>\n\t\t<\/div>\n\t\t\t\t\t\t<\/div>\n\t\t\t\t<\/div>\n\t\t\t\t<\/div>\n\t\t<div class=\"elementor-element elementor-element-187acb7 e-con-full e-flex e-con e-child\" data-id=\"187acb7\" data-element_type=\"container\">\n\t\t\t\t<div class=\"elementor-element elementor-element-888304d elementor-mobile-align-justify elementor-tablet-align-justify elementor-tablet_extra-align-justify elementor-align-justify elementor-widget elementor-widget-button\" data-id=\"888304d\" data-element_type=\"widget\" data-widget_type=\"button.default\">\n\t\t\t\t<div class=\"elementor-widget-container\">\n\t\t\t\t\t\t\t\t\t<div class=\"elementor-button-wrapper\">\n\t\t\t\t\t<a class=\"elementor-button elementor-button-link elementor-size-sm\" href=\"https:\/\/hpartners.com\/pt-pt\/partner-plans\/become-an-affiliate\/\">\n\t\t\t\t\t\t<span class=\"elementor-button-content-wrapper\">\n\t\t\t\t\t\t\t\t\t<span class=\"elementor-button-text\">Saber m\u00e1s<\/span>\n\t\t\t\t\t<\/span>\n\t\t\t\t\t<\/a>\n\t\t\t\t<\/div>\n\t\t\t\t\t\t\t\t<\/div>\n\t\t\t\t<\/div>\n\t\t\t\t<\/div>\n\t\t\t\t<\/div>\n\t\t\t\t<\/div>\n\t\t\t\t<\/div>\n\t\t<div class=\"elementor-element elementor-element-918e700 e-con-full e-flex e-con e-child\" data-id=\"918e700\" data-element_type=\"container\">\n\t\t<div class=\"elementor-element elementor-element-39b49a4 e-con-full e-flex e-con e-child\" data-id=\"39b49a4\" data-element_type=\"container\" data-settings=\"{&quot;background_background&quot;:&quot;classic&quot;}\">\n\t\t\t\t<div class=\"elementor-element elementor-element-d1ca2cf elementor-widget-tablet_extra__width-initial elementor-widget elementor-widget-heading\" data-id=\"d1ca2cf\" data-element_type=\"widget\" data-widget_type=\"heading.default\">\n\t\t\t\t<div class=\"elementor-widget-container\">\n\t\t\t\t\t<span class=\"elementor-heading-title elementor-size-default\">Proveedor de se\u00f1ales<\/span>\t\t\t\t<\/div>\n\t\t\t\t<\/div>\n\t\t\t\t<div class=\"elementor-element elementor-element-043019d elementor-widget-tablet_extra__width-initial elementor-widget elementor-widget-heading\" data-id=\"043019d\" data-element_type=\"widget\" data-widget_type=\"heading.default\">\n\t\t\t\t<div class=\"elementor-widget-container\">\n\t\t\t\t\t<h2 class=\"elementor-heading-title elementor-size-default\">Hasta el <span class=\"text-style\">30%<\/span> de comisiones al compartir se\u00f1alesls<\/h2>\t\t\t\t<\/div>\n\t\t\t\t<\/div>\n\t\t\t\t<div class=\"elementor-element elementor-element-a91a20f elementor-widget-tablet_extra__width-initial elementor-widget elementor-widget-heading\" data-id=\"a91a20f\" data-element_type=\"widget\" data-widget_type=\"heading.default\">\n\t\t\t\t<div class=\"elementor-widget-container\">\n\t\t\t\t\t<p class=\"elementor-heading-title elementor-size-default\">Torne-se um provedor de sinais Hantec Social e ganhe taxas de desempenho ao compartilhar suas opera\u00e7\u00f5es com copiadores em todo o mundo.<\/p>\t\t\t\t<\/div>\n\t\t\t\t<\/div>\n\t\t<div class=\"elementor-element elementor-element-8fe0284 e-con-full e-flex e-con e-child\" data-id=\"8fe0284\" data-element_type=\"container\">\n\t\t<div class=\"elementor-element elementor-element-7d515eb e-con-full e-flex e-con e-child\" data-id=\"7d515eb\" data-element_type=\"container\">\n\t\t\t\t<div class=\"elementor-element elementor-element-265a4ba elementor-align-justify elementor-mobile-align-justify elementor-tablet-align-justify elementor-tablet_extra-align-justify elementor-mobile_extra-align-justify elementor-widget elementor-widget-button\" data-id=\"265a4ba\" data-element_type=\"widget\" data-widget_type=\"button.default\">\n\t\t\t\t<div class=\"elementor-widget-container\">\n\t\t\t\t\t\t\t\t\t<div class=\"elementor-button-wrapper\">\n\t\t\t\t\t<a class=\"elementor-button elementor-button-link elementor-size-sm\" href=\"https:\/\/hpartners.com\/pt-pt\/sign-up-signal-provider\/\">\n\t\t\t\t\t\t<span class=\"elementor-button-content-wrapper\">\n\t\t\t\t\t\t\t\t\t<span class=\"elementor-button-text\">Convi\u00e9rtase en un Proveedor de Se\u00f1ales<\/span>\n\t\t\t\t\t<\/span>\n\t\t\t\t\t<\/a>\n\t\t\t\t<\/div>\n\t\t\t\t\t\t\t\t<\/div>\n\t\t\t\t<\/div>\n\t\t\t\t<\/div>\n\t\t<div class=\"elementor-element elementor-element-5d10140 e-con-full e-flex e-con e-child\" data-id=\"5d10140\" data-element_type=\"container\">\n\t\t\t\t<div class=\"elementor-element elementor-element-83c5cdf elementor-widget elementor-widget-spacer\" data-id=\"83c5cdf\" data-element_type=\"widget\" data-widget_type=\"spacer.default\">\n\t\t\t\t<div class=\"elementor-widget-container\">\n\t\t\t\t\t\t\t<div class=\"elementor-spacer\">\n\t\t\t<div class=\"elementor-spacer-inner\"><\/div>\n\t\t<\/div>\n\t\t\t\t\t\t<\/div>\n\t\t\t\t<\/div>\n\t\t\t\t<\/div>\n\t\t<div class=\"elementor-element elementor-element-063b21b e-con-full e-flex e-con e-child\" data-id=\"063b21b\" data-element_type=\"container\">\n\t\t\t\t<div class=\"elementor-element elementor-element-72b81de elementor-mobile-align-justify elementor-tablet-align-justify elementor-tablet_extra-align-justify elementor-align-justify elementor-widget elementor-widget-button\" data-id=\"72b81de\" data-element_type=\"widget\" data-widget_type=\"button.default\">\n\t\t\t\t<div class=\"elementor-widget-container\">\n\t\t\t\t\t\t\t\t\t<div class=\"elementor-button-wrapper\">\n\t\t\t\t\t<a class=\"elementor-button elementor-button-link elementor-size-sm\" href=\"https:\/\/hpartners.com\/pt-pt\/partner-plans\/become-a-signal-provider\/\">\n\t\t\t\t\t\t<span class=\"elementor-button-content-wrapper\">\n\t\t\t\t\t\t\t\t\t<span class=\"elementor-button-text\">Saber m\u00e1s<\/span>\n\t\t\t\t\t<\/span>\n\t\t\t\t\t<\/a>\n\t\t\t\t<\/div>\n\t\t\t\t\t\t\t\t<\/div>\n\t\t\t\t<\/div>\n\t\t\t\t<\/div>\n\t\t\t\t<\/div>\n\t\t\t\t<\/div>\n\t\t<div class=\"elementor-element elementor-element-cfd8e17 e-con-full e-flex e-con e-child\" data-id=\"cfd8e17\" data-element_type=\"container\">\n\t\t\t\t<div class=\"elementor-element elementor-element-c658acf elementor-widget elementor-widget-spacer\" data-id=\"c658acf\" data-element_type=\"widget\" data-widget_type=\"spacer.default\">\n\t\t\t\t<div class=\"elementor-widget-container\">\n\t\t\t\t\t\t\t<div class=\"elementor-spacer\">\n\t\t\t<div class=\"elementor-spacer-inner\"><\/div>\n\t\t<\/div>\n\t\t\t\t\t\t<\/div>\n\t\t\t\t<\/div>\n\t\t\t\t<\/div>\n\t\t<div class=\"elementor-element elementor-element-9c66692 e-con-full e-flex e-con e-child\" data-id=\"9c66692\" data-element_type=\"container\" data-settings=\"{&quot;background_background&quot;:&quot;classic&quot;}\">\n\t\t\t\t<div class=\"elementor-element elementor-element-5bf6320 elementor-widget-tablet_extra__width-initial elementor-widget elementor-widget-heading\" data-id=\"5bf6320\" data-element_type=\"widget\" data-widget_type=\"heading.default\">\n\t\t\t\t<div class=\"elementor-widget-container\">\n\t\t\t\t\t<span class=\"elementor-heading-title elementor-size-default\">Gerente de fundos<\/span>\t\t\t\t<\/div>\n\t\t\t\t<\/div>\n\t\t\t\t<div class=\"elementor-element elementor-element-150bf9a elementor-widget-tablet_extra__width-initial elementor-widget elementor-widget-heading\" data-id=\"150bf9a\" data-element_type=\"widget\" data-widget_type=\"heading.default\">\n\t\t\t\t<div class=\"elementor-widget-container\">\n\t\t\t\t\t<h2 class=\"elementor-heading-title elementor-size-default\">Opere fundos de clientes, ganhe at\u00e9 <span class=\"text-style\">X%<\/span> de taxas<\/h2>\t\t\t\t<\/div>\n\t\t\t\t<\/div>\n\t\t\t\t<div class=\"elementor-element elementor-element-c296ff1 elementor-widget-tablet_extra__width-initial elementor-widget elementor-widget-heading\" data-id=\"c296ff1\" data-element_type=\"widget\" data-widget_type=\"heading.default\">\n\t\t\t\t<div class=\"elementor-widget-container\">\n\t\t\t\t\t<p class=\"elementor-heading-title elementor-size-default\">Aumente sus ingresos y eleve el volumen negociado gestionando fondos de clientes agrupados con asignaci\u00f3n flexible y distribuci\u00f3n de ganancias.<\/p>\t\t\t\t<\/div>\n\t\t\t\t<\/div>\n\t\t<div class=\"elementor-element elementor-element-b299b0c e-con-full e-flex e-con e-child\" data-id=\"b299b0c\" data-element_type=\"container\">\n\t\t<div class=\"elementor-element elementor-element-9e10b1d e-con-full e-flex e-con e-child\" data-id=\"9e10b1d\" data-element_type=\"container\">\n\t\t\t\t<div class=\"elementor-element elementor-element-fae147a elementor-align-justify elementor-mobile-align-justify elementor-tablet-align-justify elementor-tablet_extra-align-justify elementor-mobile_extra-align-justify elementor-widget elementor-widget-button\" data-id=\"fae147a\" data-element_type=\"widget\" data-widget_type=\"button.default\">\n\t\t\t\t<div class=\"elementor-widget-container\">\n\t\t\t\t\t\t\t\t\t<div class=\"elementor-button-wrapper\">\n\t\t\t\t\t<a class=\"elementor-button elementor-button-link elementor-size-sm\" href=\"https:\/\/hpartners.com\/pt-pt\/sign-up-money-manager\/\">\n\t\t\t\t\t\t<span class=\"elementor-button-content-wrapper\">\n\t\t\t\t\t\t\t\t\t<span class=\"elementor-button-text\">Torne-se um Gerente de Fundos<\/span>\n\t\t\t\t\t<\/span>\n\t\t\t\t\t<\/a>\n\t\t\t\t<\/div>\n\t\t\t\t\t\t\t\t<\/div>\n\t\t\t\t<\/div>\n\t\t\t\t<\/div>\n\t\t<div class=\"elementor-element elementor-element-adc0f79 e-con-full e-flex e-con e-child\" data-id=\"adc0f79\" data-element_type=\"container\">\n\t\t\t\t<div class=\"elementor-element elementor-element-f3f8074 elementor-widget elementor-widget-spacer\" data-id=\"f3f8074\" data-element_type=\"widget\" data-widget_type=\"spacer.default\">\n\t\t\t\t<div class=\"elementor-widget-container\">\n\t\t\t\t\t\t\t<div class=\"elementor-spacer\">\n\t\t\t<div class=\"elementor-spacer-inner\"><\/div>\n\t\t<\/div>\n\t\t\t\t\t\t<\/div>\n\t\t\t\t<\/div>\n\t\t\t\t<\/div>\n\t\t<div class=\"elementor-element elementor-element-0b224ea e-con-full e-flex e-con e-child\" data-id=\"0b224ea\" data-element_type=\"container\">\n\t\t\t\t<div class=\"elementor-element elementor-element-903e52d elementor-mobile-align-justify elementor-tablet-align-justify elementor-tablet_extra-align-justify elementor-align-justify elementor-widget elementor-widget-button\" data-id=\"903e52d\" data-element_type=\"widget\" data-widget_type=\"button.default\">\n\t\t\t\t<div class=\"elementor-widget-container\">\n\t\t\t\t\t\t\t\t\t<div class=\"elementor-button-wrapper\">\n\t\t\t\t\t<a class=\"elementor-button elementor-button-link elementor-size-sm\" href=\"https:\/\/hpartners.com\/pt-pt\/partner-plans\/become-a-money-manager-pamm\/\">\n\t\t\t\t\t\t<span class=\"elementor-button-content-wrapper\">\n\t\t\t\t\t\t\t\t\t<span class=\"elementor-button-text\">Saber m\u00e1s<\/span>\n\t\t\t\t\t<\/span>\n\t\t\t\t\t<\/a>\n\t\t\t\t<\/div>\n\t\t\t\t\t\t\t\t<\/div>\n\t\t\t\t<\/div>\n\t\t\t\t<\/div>\n\t\t\t\t<\/div>\n\t\t\t\t<\/div>\n\t\t\t\t<\/div>\n\t\t\t\t<\/div>\n\t\t\t\t<\/div>\n\t\t","protected":false},"excerpt":{"rendered":"<p>Seleccionar tipo de socio Elija entre nuestra gama de opciones de asociaci\u00f3n, para cada tipo de socio. Introducing Broker (IB) At\u00e9 70% de rebates por lote negociado Ganhe at\u00e9 70% de rebates, com pagamentos personalizados e automatizados, insights em tempo real e um gerente de conta dedicado apoiando seu sucesso. Convi\u00e9rtase en un Introducer Saber [&hellip;]<\/p>\n","protected":false},"author":1,"featured_media":0,"parent":0,"menu_order":0,"comment_status":"closed","ping_status":"closed","template":"elementor_header_footer","meta":{"footnotes":""},"class_list":["post-8251","page","type-page","status-publish","hentry"],"_links":{"self":[{"href":"https:\/\/hpartners.com\/pt-pt\/wp-json\/wp\/v2\/pages\/8251","targetHints":{"allow":["GET"]}}],"collection":[{"href":"https:\/\/hpartners.com\/pt-pt\/wp-json\/wp\/v2\/pages"}],"about":[{"href":"https:\/\/hpartners.com\/pt-pt\/wp-json\/wp\/v2\/types\/page"}],"author":[{"embeddable":true,"href":"https:\/\/hpartners.com\/pt-pt\/wp-json\/wp\/v2\/users\/1"}],"replies":[{"embeddable":true,"href":"https:\/\/hpartners.com\/pt-pt\/wp-json\/wp\/v2\/comments?post=8251"}],"version-history":[{"count":0,"href":"https:\/\/hpartners.com\/pt-pt\/wp-json\/wp\/v2\/pages\/8251\/revisions"}],"wp:attachment":[{"href":"https:\/\/hpartners.com\/pt-pt\/wp-json\/wp\/v2\/media?parent=8251"}],"curies":[{"name":"wp","href":"https:\/\/api.w.org\/{rel}","templated":true}]}}